{"id":780,"date":"2019-08-04T19:16:07","date_gmt":"2019-08-04T17:16:07","guid":{"rendered":"https:\/\/s-race.cz\/?page_id=780"},"modified":"2025-12-03T19:27:29","modified_gmt":"2025-12-03T18:27:29","slug":"registrace","status":"publish","type":"page","link":"https:\/\/s-race.cz\/de\/registrace\/","title":{"rendered":"Anmeldung"},"content":{"rendered":"<div data-elementor-type=\"wp-page\" data-elementor-id=\"780\" class=\"elementor elementor-780\" data-elementor-settings=\"[]\">\n\t\t\t<div class=\"elementor-inner\">\n\t\t\t\t<div class=\"elementor-section-wrap\">\n\t\t\t\t\t\t\t<section data-particle_enable=\"false\" class=\"elementor-element elementor-element-f9ee52d elementor-section-boxed elementor-section-height-default elementor-section-height-default elementor-section elementor-top-section\" data-id=\"f9ee52d\" data-element_type=\"section\" data-settings=\"{&quot;background_background&quot;:&quot;classic&quot;}\">\n\t\t\t\t\t\t\t<div class=\"elementor-background-overlay\"><\/div>\n\t\t\t\t\t\t\t<div class=\"elementor-container elementor-column-gap-no\">\n\t\t\t\t<div class=\"elementor-row\">\n\t\t\t\t<div class=\"elementor-element elementor-element-abc0e82 elementor-column elementor-col-100 elementor-top-column\" data-id=\"abc0e82\" data-element_type=\"column\">\n\t\t\t<div class=\"elementor-column-wrap  elementor-element-populated\">\n\t\t\t\t\t<div class=\"elementor-widget-wrap\">\n\t\t\t\t<div class=\"elementor-element elementor-element-993ebba elementor-widget elementor-widget-heading\" data-id=\"993ebba\" data-element_type=\"widget\" data-widget_type=\"heading.default\">\n\t\t\t\t<div class=\"elementor-widget-container\">\n\t\t\t<h2 class=\"elementor-heading-title elementor-size-default\">Anmeldung<\/h2>\t\t<\/div>\n\t\t\t\t<\/div>\n\t\t\t\t<div class=\"elementor-element elementor-element-766ca8b elementor-widget elementor-widget-divider\" data-id=\"766ca8b\" data-element_type=\"widget\" data-widget_type=\"divider.default\">\n\t\t\t\t<div class=\"elementor-widget-container\">\n\t\t\t\t\t<div class=\"elementor-divider\">\n\t\t\t<span class=\"elementor-divider-separator\">\n\t\t\t\t\t\t<\/span>\n\t\t<\/div>\n\t\t\t\t<\/div>\n\t\t\t\t<\/div>\n\t\t\t\t<div class=\"elementor-element elementor-element-12d4e48 elementor-widget elementor-widget-text-editor\" data-id=\"12d4e48\" data-element_type=\"widget\" data-widget_type=\"text-editor.default\">\n\t\t\t\t<div class=\"elementor-widget-container\">\n\t\t\t\t\t<div class=\"elementor-text-editor elementor-clearfix\"><h4 class=\"font_4 wixui-rich-text__text\"><a href=\"https:\/\/sokotime.cz\/zavod-260712\" target=\"_blank\" rel=\"noopener\">REGISTRIERUNG<\/a><\/h4><h4 class=\"font_4 wixui-rich-text__text\"><span class=\"wixui-rich-text__text\"><a class=\"wixui-rich-text__text\" href=\"https:\/\/sokotime.cz\/zavod-260712\" target=\"_blank\" rel=\"noreferrer noopener\">Liste der angemeldeten Teilnehmer<\/a><\/span><\/h4><p><strong>Teilnahmegeb\u00fchr:<\/strong><\/p><table class=\"tablevypis\"><tbody><tr><td><strong>Anmeldung und Zahlung<\/strong><\/td><td>\u00a06K \/ 12K \/ 18K \/ Kinder<\/td><\/tr><tr><td>bis 24.12.2025<\/td><td>200,- \/ 300,- \/ 400,- \/ 100,-<\/td><\/tr><tr><td>\u00a0 \u00a0 \u00a030.04.2026<\/td><td>400,- \/ 500,- \/ 600,- \/ 150,-<\/td><\/tr><tr><td>\u00a0 \u00a0 \u00a009.07.2026<\/td><td>500,- \/ 600,- \/ 700,- \/ 200,-<\/td><\/tr><tr><td>vor Ort<\/td><td>700,- \/ 800,- \/ 900,- \/ 250,-<\/td><\/tr><\/tbody><\/table><p style=\"margin: 0cm;\"><span style=\"font-size: 12.0pt; font-family: 'Segoe UI',sans-serif;\">Der 6K-, 12K- und 18K-Lauf ist offen f\u00fcr Teilnehmer ab 2011. F\u00fcr Teilnehmer unter 18 Jahren ist die schriftliche Zustimmung eines Erziehungsberechtigten erforderlich (im Anmeldeformular enthalten). <strong><span style=\"font-family: 'Segoe UI',sans-serif;\">Teilnehmer unter 18 Jahren (einschlie\u00dflich derjenigen, die sich online angemeldet haben) m\u00fcssen dieses Formular einreichen.\u00a0<\/span><\/strong><\/span><strong><span style=\"font-size: 11.5pt; font-family: 'Segoe UI',sans-serif;\">\"<\/span><a href=\"https:\/\/docs.google.com\/document\/d\/1vqjsvaWHm4DXZ4_33zAx8lbBAeY3bImybTP0B2ajUYM\/edit?tab=t.0\" target=\"_blank\" rel=\"noopener\">REVERZ - Erkl\u00e4rung zur gesetzlichen Haftung f\u00fcr Personen- und Sachsch\u00e4den<\/a><span style=\"font-size: 11.5pt; font-family: 'Segoe UI',sans-serif;\">\"<\/span><\/strong><strong><span style=\"font-size: 12.0pt; font-family: 'Segoe UI',sans-serif;\">\u00a0vom gesetzlichen Vertreter bei der Abholung des Chips unterzeichnet werden.<\/span><\/strong><\/p><p style=\"margin: 0cm;\"><span style=\"font-size: 12.0pt; font-family: 'Segoe UI',sans-serif;\">Die Anmeldung vor Ort ist am Tag des Rennens von 8:00 bis 9:15 Uhr f\u00fcr den Hauptlauf und von 12:30 bis 13:45 Uhr f\u00fcr den Kinderlauf m\u00f6glich. Es wird empfohlen, fr\u00fchzeitig zu kommen, um die Warteschlange zu vermeiden.<\/span><\/p><\/div>\n\t\t\t\t<\/div>\n\t\t\t\t<\/div>\n\t\t\t\t\t\t<\/div>\n\t\t\t<\/div>\n\t\t<\/div>\n\t\t\t\t\t\t<\/div>\n\t\t\t<\/div>\n\t\t<\/section>\n\t\t\t\t\t\t<\/div>\n\t\t\t<\/div>\n\t\t<\/div>","protected":false},"excerpt":{"rendered":"<p>Anmeldung ANMELDUNG Startliste Startgeld: Anmeldung und Bezahlung 6K \/ 12K \/ 18K \/ Kinder bis 24.12.2025 200,- \/ 300,- \/ 400,- \/ 100,- 30.04.2026 400,- \/ 500,- \/ 600,- \/ 150,- 09.07.2026 500,- \/ 600,- \/ 700,- \/ 200,- vor Ort 700,- \/ 800,- \/ 900,- \/ 250,- Start [...]<\/p>","protected":false},"author":1,"featured_media":0,"parent":0,"menu_order":0,"comment_status":"closed","ping_status":"closed","template":"","meta":{"footnotes":""},"_links":{"self":[{"href":"https:\/\/s-race.cz\/de\/wp-json\/wp\/v2\/pages\/780"}],"collection":[{"href":"https:\/\/s-race.cz\/de\/wp-json\/wp\/v2\/pages"}],"about":[{"href":"https:\/\/s-race.cz\/de\/wp-json\/wp\/v2\/types\/page"}],"author":[{"embeddable":true,"href":"https:\/\/s-race.cz\/de\/wp-json\/wp\/v2\/users\/1"}],"replies":[{"embeddable":true,"href":"https:\/\/s-race.cz\/de\/wp-json\/wp\/v2\/comments?post=780"}],"version-history":[{"count":102,"href":"https:\/\/s-race.cz\/de\/wp-json\/wp\/v2\/pages\/780\/revisions"}],"predecessor-version":[{"id":4753,"href":"https:\/\/s-race.cz\/de\/wp-json\/wp\/v2\/pages\/780\/revisions\/4753"}],"wp:attachment":[{"href":"https:\/\/s-race.cz\/de\/wp-json\/wp\/v2\/media?parent=780"}],"curies":[{"name":"wp","href":"https:\/\/api.w.org\/{rel}","templated":true}]}}