{"id":4381,"date":"2024-01-24T20:00:19","date_gmt":"2024-01-24T19:00:19","guid":{"rendered":"https:\/\/s-race.cz\/?page_id=4381"},"modified":"2025-10-30T15:45:26","modified_gmt":"2025-10-30T14:45:26","slug":"pravidla","status":"publish","type":"page","link":"https:\/\/s-race.cz\/de\/pravidla\/","title":{"rendered":"Regeln"},"content":{"rendered":"<div data-elementor-type=\"wp-page\" data-elementor-id=\"4381\" class=\"elementor elementor-4381\" data-elementor-settings=\"[]\">\n\t\t\t<div class=\"elementor-inner\">\n\t\t\t\t<div class=\"elementor-section-wrap\">\n\t\t\t\t\t\t\t<section data-particle_enable=\"false\" class=\"elementor-element elementor-element-2f0a67f elementor-section-boxed elementor-section-height-default elementor-section-height-default elementor-section elementor-top-section\" data-id=\"2f0a67f\" data-element_type=\"section\">\n\t\t\t\t\t\t<div class=\"elementor-container elementor-column-gap-default\">\n\t\t\t\t<div class=\"elementor-row\">\n\t\t\t\t<div class=\"elementor-element elementor-element-698dc2e elementor-column elementor-col-100 elementor-top-column\" data-id=\"698dc2e\" data-element_type=\"column\">\n\t\t\t<div class=\"elementor-column-wrap  elementor-element-populated\">\n\t\t\t\t\t<div class=\"elementor-widget-wrap\">\n\t\t\t\t<div class=\"elementor-element elementor-element-4a82125 elementor-widget elementor-widget-text-editor\" data-id=\"4a82125\" data-element_type=\"widget\" data-widget_type=\"text-editor.default\">\n\t\t\t\t<div class=\"elementor-widget-container\">\n\t\t\t\t\t<div class=\"elementor-text-editor elementor-clearfix\"><div class=\"elementor-element elementor-element-993ebba elementor-widget elementor-widget-heading\" data-id=\"993ebba\" data-element_type=\"widget\" data-widget_type=\"heading.default\"><div class=\"elementor-widget-container\"><h2 class=\"elementor-heading-title elementor-size-default\">Regeln und allgemeine Informationen<\/h2><\/div><\/div><div class=\"elementor-element elementor-element-766ca8b elementor-widget elementor-widget-divider\" data-id=\"766ca8b\" data-element_type=\"widget\" data-widget_type=\"divider.default\"><div class=\"elementor-widget-container\"><div class=\"elementor-divider\">\u00a0<\/div><\/div><\/div><div class=\"elementor-element elementor-element-d612e0d elementor-widget elementor-widget-text-editor\" data-id=\"d612e0d\" data-element_type=\"widget\" data-widget_type=\"text-editor.default\"><div class=\"elementor-widget-container\"><div class=\"elementor-text-editor elementor-clearfix\"><p>Diese Regeln sind Bestandteil des Vertragsverh\u00e4ltnisses zwischen dem Veranstalter und dem Teilnehmer und es ist die Pflicht jedes Teilnehmers, sich vor der Anmeldung mit ihnen vertraut zu machen.<\/p><ol><li>Nur ein Teilnehmer, der sich im Voraus ordnungsgem\u00e4\u00df angemeldet hat, darf an dem Rennen teilnehmen. Ordnungsgem\u00e4\u00dfe Anmeldung bedeutet das Ausf\u00fcllen des Anmeldeformulars und die rechtzeitige Zahlung des Startgeldes. Bei der Anmeldung ist der Teilnehmer verpflichtet, nur wahrheitsgem\u00e4\u00dfe und vollst\u00e4ndige Angaben zu machen. Die Anmeldung erfolgt \u00fcber die Website www.s-race.cz. Auf dieser Website finden Sie auch Informationen \u00fcber den Anmeldeschluss und die Zahlung des Startgeldes. Die Anmeldung ist auch vor Ort gegen ein erh\u00f6htes Startgeld m\u00f6glich (siehe Website).<\/li><li>Der Teilnehmer, der am Rennen teilnimmt, hat das Dokument \" \" gelesen und akzeptiert es.<a href=\"https:\/\/docs.google.com\/document\/d\/1b4daYGhw0QnXvoBbc6UEi3phJnRHgFzRizSAGEqNKdk\/edit?usp=sharing\" target=\"_blank\" rel=\"noopener\">REVERZ - Erkl\u00e4rung zur gesetzlichen Haftung f\u00fcr Personen- und Sachsch\u00e4den<\/a>\".<\/li><li>Der Teilnehmer ist verpflichtet, alle Informationen, Vorschriften und Empfehlungen des Veranstalters zu lesen, einschlie\u00dflich der E-Mail-Kommunikation!<\/li><li>Ein Teilnehmer, der das 18. Lebensjahr noch nicht vollendet hat, darf nur mit Zustimmung eines Erziehungsberechtigten an dem Rennen teilnehmen. Der gesetzliche Vertreter dieses Teilnehmers erkl\u00e4rt sich mit der \"REVERSE - Erkl\u00e4rung zur gesetzlichen Haftung f\u00fcr Personen- und Sachsch\u00e4den\" einverstanden. Im Falle einer Anmeldung vor Ort muss der Erziehungsberechtigte dieses Dokument bei der Anmeldung unterschreiben. <strong>F\u00fcr Teilnehmer unter 18 Jahren ist dieses Dokument in Papierform erforderlich, auch wenn Sie sich online anmelden (bei der Abholung des Chips vorzulegen).<\/strong>\u00a0Das Dokument kann heruntergeladen werden\u00a0<a href=\"https:\/\/docs.google.com\/document\/d\/1vqjsvaWHm4DXZ4_33zAx8lbBAeY3bImybTP0B2ajUYM\/edit?usp=sharing\">HIER &gt;&gt;<\/a>. Die Teilnahme ist nur f\u00fcr Athleten ab 2011 im 6K, 12K oder 18K Rennen erlaubt.<\/li><li>Wenn der Teilnehmer aus irgendeinem Grund nicht in der Lage oder nicht willens ist, an dem Rennen teilzunehmen, ist der Veranstalter nicht verpflichtet, dem Teilnehmer das Startgeld zur\u00fcckzuerstatten; der Teilnehmer verliert das Recht auf R\u00fcckerstattung und das Startgeld verf\u00e4llt an den Veranstalter.<\/li><li>Der Veranstalter beh\u00e4lt sich das Recht vor, den geplanten Zeitplan des Rennens zu \u00e4ndern oder das Rennen ohne Entsch\u00e4digung abzusagen, wenn dies durch h\u00f6here Gewalt, Naturereignisse und aus Sicherheitsgr\u00fcnden oder aus anderen schwerwiegenden Gr\u00fcnden (z.B. extrem ung\u00fcnstige Witterungsbedingungen - St\u00fcrme usw.) geschieht, an deren Entstehung der Veranstalter nicht beteiligt ist, oder wenn dies durch eine amtliche Verordnung der zust\u00e4ndigen Organe der staatlichen Verwaltung oder der lokalen Regierung festgelegt wird. In solchen F\u00e4llen ist der Veranstalter nicht verpflichtet, dem Teilnehmer das Startgeld zu erstatten, der Teilnehmer verliert den Anspruch auf R\u00fcckerstattung und das Startgeld verf\u00e4llt an den Veranstalter. Der Veranstalter ist in diesen F\u00e4llen nicht verpflichtet, den Teilnehmern den Schaden zu ersetzen, der ihnen durch diese organisatorische Ma\u00dfnahme entstanden ist.<\/li><li>Der Teilnehmer muss ein Schwimmer sein.<\/li><li>Der Teilnehmer nimmt auf eigenes Risiko an dem Rennen teil und best\u00e4tigt dies mit seiner Anmeldung. Er ist sich des Risikos der Zerst\u00f6rung seines Eigentums und m\u00f6glicher Verletzungen w\u00e4hrend des Rennens bewusst. Der Veranstalter haftet nicht f\u00fcr Sach- oder sonstige Sch\u00e4den, die sich aus der Teilnahme am Rennen oder der Beobachtung des Rennens ergeben. Der Teilnehmer verzichtet auf die Geltendmachung von Schadensersatzanspr\u00fcchen gegen\u00fcber dem Veranstalter. Diese Tatsachen werden vom Teilnehmer durch die Online-Anmeldung oder durch Unterschrift bei der Anmeldung vor Ort best\u00e4tigt. Bei Teilnehmern unter 15 Jahren ist der gesetzliche Vertreter f\u00fcr diese Erkl\u00e4rung verantwortlich. F\u00fcr Teilnehmer unter 18 Jahren ist eine von einem gesetzlichen Vertreter unterzeichnete R\u00fcckseite erforderlich. Sie ist vor dem Rennen bei der Chipabholung abzugeben.<\/li><li>Der Veranstalter haftet dem Teilnehmer gegen\u00fcber nicht f\u00fcr Sch\u00e4den an Gegenst\u00e4nden, die der Teilnehmer auf dem Gel\u00e4nde des Rennortes zur\u00fcckgelassen hat, einschlie\u00dflich der in einem Fahrzeug gelagerten Gegenst\u00e4nde oder der irgendwo auf der Rennstrecke zur\u00fcckgelassenen Gegenst\u00e4nde.<\/li><li>Ein Teilnehmer darf nicht unter dem Einfluss von Alkohol und anderen narkotischen und psychotropen Substanzen, einschlie\u00dflich Drogen mit gleicher oder \u00e4hnlicher Wirkung, an dem Rennen teilnehmen. In einem solchen Fall wird der Teilnehmer nicht zum Rennen zugelassen.<\/li><li>Der Teilnehmer muss gegen Verletzungen seiner Person w\u00e4hrend des Rennens versichert sein. Der Veranstalter empfiehlt dem Teilnehmer, eine Versicherung gegen Verletzungen oder andere Sch\u00e4den an Dritten w\u00e4hrend des Rennens abzuschlie\u00dfen.<\/li><li>Der Teilnehmer ist verpflichtet, seine Kleidung an das Rennen anzupassen. Der Veranstalter empfiehlt dem Teilnehmer, feste Schuhe f\u00fcr den Zweck des Rennens zu verwenden, Sportkleidung, die besch\u00e4digt werden kann. Der Veranstalter haftet nicht f\u00fcr eventuelle Sch\u00e4den an Schuhen, Kleidung und anderem Zubeh\u00f6r.<\/li><li>Der Veranstalter verbietet dem Teilnehmer das Tragen von Schuhen mit Spikes oder unangemessener Kleidung und Accessoires (z.B. Nieten, Armb\u00e4nder, Ringe, Ketten, Karabiner), die zu Verletzungen des Teilnehmers oder Dritter f\u00fchren k\u00f6nnen. In diesem Fall wird der Teilnehmer von der Teilnahme an der Veranstaltung ausgeschlossen.<\/li><li>Die Verwendung von Magnesium auf den H\u00e4nden und anderen klebrigen und unterst\u00fctzenden Hilfsmitteln (Wachs, Kreide, etc.) vor und w\u00e4hrend des Rennens ist verboten. Ein Versto\u00df gegen diese Regel kann zur Disqualifikation f\u00fchren. Die Verwendung von Handschuhen und anderen Stoffen, die die H\u00e4nde des Teilnehmers bedecken, ist erlaubt.<\/li><li>Der Veranstalter empfiehlt dem Teilnehmer die Verwendung von Schutzausr\u00fcstungen f\u00fcr den Zweck des Rennens, wie Handschuhe, Gelenk- und Wirbels\u00e4ulenschutz, Kn\u00f6chelfixierung, usw.<\/li><li>Der Teilnehmer ist verpflichtet, den Anweisungen des Veranstalters und anderer von ihm beauftragter Personen strikt Folge zu leisten. Der Teilnehmer ist verpflichtet, sich mit allen Informationen, Vorschriften und Empfehlungen des Veranstalters und der von ihm autorisierten Personen vertraut zu machen. Wenn der Teilnehmer die Anweisungen der Kampfrichter, des Veranstalters oder der freiwilligen Helfer\/Hindernisw\u00e4chter nicht befolgt, wird er disqualifiziert. Der Volunteer hat das Recht, den Teilnehmer wegen eines Regelversto\u00dfes zu verwarnen und ihn bei einem weiteren Regelversto\u00df zu disqualifizieren.<\/li><li>Der Veranstalter hat das Recht, einen Teilnehmer auszuschlie\u00dfen oder zu disqualifizieren, dessen Verhalten die sichere Durchf\u00fchrung des Rennens oder die Sicherheit der anderen Teilnehmer oder Zuschauer gef\u00e4hrden k\u00f6nnte.<\/li><li>Der Veranstalter hat das Recht, einen Teilnehmer auszuschlie\u00dfen oder zu disqualifizieren, dessen Verhalten gegen die allgemeinen Regeln des Fair Play verst\u00f6\u00dft, der die Anweisungen des Veranstalters, der Kampfrichter, der freiwilligen Helfer\/des Hindernispersonals missachtet oder sie in irgendeiner Weise beleidigt.<\/li><li>Das Rennen wird in Intervallen gestartet, 5 Teilnehmer starten alle 120 Sekunden. Jeder Teilnehmer hat eine vorher festgelegte Startzeit, die er in der Woche vor dem Rennen erf\u00e4hrt. Die Startzeit ist ein Richtwert und kann sich aus organisatorischen Gr\u00fcnden \u00e4ndern. Es wird empfohlen, rechtzeitig am Start zu sein. Nur der Hauptschiedsrichter oder sein Stellvertreter kann die Startzeit \u00e4ndern.<\/li><li>Ein Teilnehmer darf ohne zugewiesene Startnummer und Chip nicht auf der Strecke laufen. Wenn die Startnummer verloren geht, kann die genaue Zeit des Teilnehmers nicht gemessen werden. Gleichzeitig wird jedem Teilnehmer eine Nummer mit einem Marker auf das Gesicht oder den Arm gemalt. Der Teilnehmer ist verpflichtet, sich so zu verhalten, dass der Chip nicht verloren geht oder besch\u00e4digt wird, und ihn nach Beendigung des Rennens an einem festgelegten Ort abzugeben. Im Falle einer Besch\u00e4digung oder eines Verlustes des Chips ist der Teilnehmer verpflichtet, 500,- CZK zu bezahlen.<\/li><li>Die Teilnehmer an der 18- oder 12-km-Strecke werden durch ein farbiges Armband gekennzeichnet, das beim Start und w\u00e4hrend des gesamten Rennens gut sichtbar am Handgelenk getragen werden muss.<\/li><li>Sollte der Teilnehmer aus irgendeinem Grund gezwungen sein, das Rennen vorzeitig zu beenden, muss er dies unverz\u00fcglich der n\u00e4chsten vom Veranstalter autorisierten Person mitteilen.<\/li><li>Der Teilnehmer ist verpflichtet, die gesamte L\u00e4nge des Rennens zu absolvieren und darf keine Hilfe von au\u00dfen durch Zuschauer annehmen. Unter fremder Hilfe von Zuschauern ist zu verstehen: jegliches Eingreifen bei der \u00dcberwindung von Hindernissen, Unterst\u00fctzung und Hilfe w\u00e4hrend des Laufs. Ein Teilnehmer darf keine Speisen oder Getr\u00e4nke von au\u00dfen annehmen, au\u00dfer an den offiziellen Verpflegungsstellen. Ein Versto\u00df gegen diese Regel kann zur Disqualifikation f\u00fchren. ZUSAMMENARBEIT ZWISCHEN L\u00c4UFERN BEI DER H\u00dcGEL\u00dcBERQUERUNG IST NUR AN BESTIMMTEN H\u00dcGELN ERLAUBT, die vom Verantwortlichen des Veranstalters (Schiedsrichter, Hindernisw\u00e4chter) festgelegt werden.<\/li><li>Der Anfang und das Ende der Hindernisse sind mit einer Linie, einer Glocke oder durch Ber\u00fchren des ersten und letzten Segments - markiert mit reflektierendem Spray - gekennzeichnet. Befolgen Sie die Anweisungen des Veranstalters und der Freiwilligen\/Betreuer an jedem Hindernis.<\/li><li>Das Testen und Befahren der Hindernisse vor dem Start des Rennens unterliegt streng den Anweisungen des Veranstalters. Es geschieht jedoch immer auf eigene Gefahr. F\u00fcr Minderj\u00e4hrige sind die Erziehungsberechtigten verantwortlich.<\/li><li>Der Hindernisbetreuer\/Freiwillige darf dem Teilnehmer nicht bei der \u00dcberwindung des Hindernisses helfen.<\/li><li>Ein Wettk\u00e4mpfer, der sein Rennen bereits beendet hat, darf einem anderen Wettk\u00e4mpfer nicht beim \u00dcberwinden eines Hindernisses helfen.<\/li><li>Der Teilnehmer ist verpflichtet, alle im Rennen enthaltenen Hindernisse zu bew\u00e4ltigen und darf die Rennstrecke nicht abk\u00fcrzen oder anderweitig gegen die Regeln des Parcours versto\u00dfen. Ein Versto\u00df gegen diese Regel f\u00fchrt zur Disqualifikation.<\/li><li>Der Teilnehmer ist daf\u00fcr verantwortlich, die korrekte Strecke zu absolvieren. Wenn die Strecke abgek\u00fcrzt wird, wird er\/sie vom Rennleiter ohne Diskussion disqualifiziert.<\/li><li>Die Hindernisse auf der Strecke sind in \"PFLICHTHINDERN\" und \"HANDICAP-HINDERN\" unterteilt. M\u00dcSSIGE H\u00dcNDE m\u00fcssen immer absolviert werden. Das Nichtbestehen dieser Hindernisse bedeutet Disqualifikation. HANDICAP-HERAUSFORDERUNGEN sind Hindernisse, bei denen es im Falle des Scheiterns eine alternative Aufgabe\/Handicap von angemessener L\u00e4nge gibt (in der Regel 2-3 mal so zeitaufwendig wie das Hindernis), die der Schwierigkeit des Hindernisses entspricht. Das Verk\u00fcrzen eines Handicaps, das \u00dcberspringen eines Handicaps oder das Laufen au\u00dferhalb der markierten Strecke f\u00fchrt zur Disqualifikation.<\/li><li>Der Teilnehmer ist verpflichtet, die Schneller-Regel zu befolgen, was bedeutet, dass die Langsameren den Schnelleren auf der Strecke und an den Hindernissen Vorfahrt gew\u00e4hren und deren Weg nicht absichtlich kreuzen. Wenn ein Wettk\u00e4mpfer einen schnelleren Wettk\u00e4mpfer absichtlich behindert, wird er disqualifiziert. Es liegt in der Verantwortung des schnelleren Teilnehmers, die Aufmerksamkeit der vor ihm fahrenden Teilnehmer auf sich zu lenken.<\/li><li>Der Teilnehmer ist verpflichtet, Ordnung zu halten, M\u00fcll nur an den daf\u00fcr vorgesehenen Stellen zu entsorgen und sich respektvoll gegen\u00fcber seiner Umgebung und der Natur zu verhalten.<\/li><li>Das Zerst\u00f6ren oder anderweitige Besch\u00e4digen von Abgrenzungsband und Stiften wird mit Disqualifikation bestraft.<\/li><li>Der Veranstalter ist berechtigt, alle w\u00e4hrend des Rennens aufgenommenen Fotos, Video- und Audioaufnahmen ohne Einschr\u00e4nkung des Verwendungszwecks und ohne Anspruch auf finanzielle Verg\u00fctung des Urhebers der Fotos oder Video- und Audioaufnahmen zu verwenden.<\/li><li>Erscheint ein Teilnehmer nicht zur Preisverleihung, so verzichtet er freiwillig auf die Preise und Leistungen. Im Falle seiner Abwesenheit kann eine von ihm bevollm\u00e4chtigte Person den Preis f\u00fcr ihn entgegennehmen. Der Veranstalter hat das Recht, von dieser Person die Identifikationsdaten (Ausweis) zu verlangen. Der Veranstalter beh\u00e4lt sich das Recht vor, den Zeitpunkt der Preisverleihung den aktuellen Gegebenheiten anzupassen.<\/li><li>Der Preis des Gewinners kann nur am Tag des Rennens bei der Bekanntgabe des Gewinners abgeholt werden. Eine sp\u00e4tere Abholung\/Versendung etc. ist nicht m\u00f6glich.<\/li><li>Die Preise f\u00fcr die Gewinner sind nicht einklagbar.<\/li><li>Der Veranstalter beh\u00e4lt sich das Recht vor, den Zeitpunkt der Bekanntgabe den aktuellen Gegebenheiten anzupassen.<\/li><\/ol><p>DEFINITION DER GEGENSEITIGEN UNTERST\u00dcTZUNG: Der Begriff \"gegenseitige Unterst\u00fctzung\" bedeutet folgende Situation: Jeder Teilnehmer bem\u00fcht sich, alle Hindernisse aus eigener Kraft zu \u00fcberwinden. Wenn er offensichtlich nicht in der Lage ist, ein Hindernis zu \u00fcberwinden, kann er f\u00fcr bestimmte Hindernisse (in der Regel Barrieren) die Hilfe eines anderen Teilnehmers annehmen, der sie selbstlos anbietet. F\u00fcr jedes Hindernis gibt es Regeln, die festlegen, ob gegenseitige Hilfe erlaubt oder verboten ist.<\/p><p>WAS KEINE ALLGEMEINE UNTERST\u00dcTZUNG IST: Wenn eine Strategie von zwei oder mehr L\u00e4ufern (Einzelpersonen) einer anderen Person w\u00e4hrend eines Rennens absichtlich \u00fcber Hindernisse hilft, um deren Zeit auf der Strecke zu beschleunigen, wird eine solche Aktion als Grund f\u00fcr eine Disqualifikation gewertet.<\/p><p>BEGRIFF DES TAPPING: Darunter versteht man den Versuch eines Teilnehmers, die Strecke eines Rennens zu beschleunigen, ohne ein Hindernis zu \u00fcberwinden. In der Praxis bedeutet dies, dass der Teilnehmer an das Hindernis heranl\u00e4uft, es ber\u00fchrt und mit dem Handicap weiterf\u00e4hrt. Ein solches Vorgehen kann zur Disqualifikation f\u00fchren.<\/p><p>DEFINITION DER MAXIMALEN ANSTRENGUNG ZUR \u00dcBERWINDUNG DES HINDERN: Bedeutet, dass der Teilnehmer beginnt, das Hindernis gem\u00e4\u00df den Anweisungen des Hindernisbetreibers zu \u00fcberwinden. Z.B. beginnt er\/sie zu klettern, springt auf das Hindernis, usw. mit anderen Worten, er\/sie unternimmt einen Versuch, es zu \u00fcberwinden.<\/p><\/div><\/div><\/div><\/div>\n\t\t\t\t<\/div>\n\t\t\t\t<\/div>\n\t\t\t\t\t\t<\/div>\n\t\t\t<\/div>\n\t\t<\/div>\n\t\t\t\t\t\t<\/div>\n\t\t\t<\/div>\n\t\t<\/section>\n\t\t\t\t\t\t<\/div>\n\t\t\t<\/div>\n\t\t<\/div>","protected":false},"excerpt":{"rendered":"<p>Regeln und allgemeine Informationen Diese Regeln sind integraler Bestandteil der vertraglichen Beziehung zwischen dem Veranstalter und dem Teilnehmer und es ist die Pflicht jedes Teilnehmers, sie vor der Anmeldung zu lesen. Nur ein Teilnehmer, der sich im Voraus ordnungsgem\u00e4\u00df angemeldet hat, kann an dem Rennen teilnehmen. Ordnungsgem\u00e4\u00dfe Anmeldung bedeutet das Ausf\u00fcllen des Anmeldeformulars und die rechtzeitige Zahlung des Startgeldes. Bei der Anmeldung muss der [...]<\/p>","protected":false},"author":2,"featured_media":0,"parent":0,"menu_order":0,"comment_status":"closed","ping_status":"closed","template":"","meta":{"footnotes":""},"_links":{"self":[{"href":"https:\/\/s-race.cz\/de\/wp-json\/wp\/v2\/pages\/4381"}],"collection":[{"href":"https:\/\/s-race.cz\/de\/wp-json\/wp\/v2\/pages"}],"about":[{"href":"https:\/\/s-race.cz\/de\/wp-json\/wp\/v2\/types\/page"}],"author":[{"embeddable":true,"href":"https:\/\/s-race.cz\/de\/wp-json\/wp\/v2\/users\/2"}],"replies":[{"embeddable":true,"href":"https:\/\/s-race.cz\/de\/wp-json\/wp\/v2\/comments?post=4381"}],"version-history":[{"count":16,"href":"https:\/\/s-race.cz\/de\/wp-json\/wp\/v2\/pages\/4381\/revisions"}],"predecessor-version":[{"id":4735,"href":"https:\/\/s-race.cz\/de\/wp-json\/wp\/v2\/pages\/4381\/revisions\/4735"}],"wp:attachment":[{"href":"https:\/\/s-race.cz\/de\/wp-json\/wp\/v2\/media?parent=4381"}],"curies":[{"name":"wp","href":"https:\/\/api.w.org\/{rel}","templated":true}]}}